{"id":3227,"date":"2020-11-16T21:37:13","date_gmt":"2020-11-17T02:37:13","guid":{"rendered":"https:\/\/tecvalcloud.com\/?page_id=3227"},"modified":"2021-04-13T12:25:16","modified_gmt":"2021-04-13T17:25:16","slug":"aplicaciones-especiales","status":"publish","type":"page","link":"https:\/\/tecvalonline.com\/eng\/aplicaciones-especiales\/","title":{"rendered":"Special applications"},"content":{"rendered":"<div class=\"wpb-content-wrapper\"><p>[vc_row][vc_column width=&#8221;1\/3&#8243;][vc_empty_space]<div id=\"ultimate-heading-480969e953a0aee81\" class=\"uvc-heading ult-adjust-bottom-margin ultimate-heading-480969e953a0aee81 uvc-4125 \" data-hspacer=\"line_only\"  data-halign=\"center\" style=\"text-align:center\"><div class=\"uvc-sub-heading ult-responsive\"  data-ultimate-target='.uvc-heading.ultimate-heading-480969e953a0aee81 .uvc-sub-heading '  data-responsive-json-new='{\"font-size\":\"\",\"line-height\":\"\"}'  style=\"font-weight:normal;\"><\/p>\n<h4><a href=\"http:\/\/www.tecvalonline.com\/documents\/Productos%20Especiales\/Aplicacion%2016%20-%20Valvula%20contapresion%20con%20camara%20y%20linea%20piloto.pdf\" target=\"_blank\" rel=\"noopener noreferrer\">V\u00e1lvula de Contrapresi\u00f3n con C\u00e1mara y L\u00ednea Piloto 1506<\/a><\/h4>\n<p><\/div><div class=\"uvc-heading-spacer line_only\" style=\"topheight:1px;\"><span class=\"uvc-headings-line\" style=\"border-style:solid;border-bottom-width:1px;border-color:#ccc;width:autopx;\"><\/span><\/div><\/div>[vc_single_image image=&#8221;3232&#8243; img_size=&#8221;full&#8221; alignment=&#8221;center&#8221; style=&#8221;vc_box_shadow_border&#8221; onclick=&#8221;zoom&#8221;][vc_column_text]La V\u00e1lvula de Contrapresi\u00f3n con C\u00e1mara y L\u00ednea Piloto 1506, sensa la presi\u00f3n aguas arriba a trav\u00e9s de la c\u00e1mara. Cuando la presi\u00f3n de la l\u00ednea se incrementa hasta superar el valor set de la v\u00e1lvula, se genera una fuerza en el diafragma que permite la compresi\u00f3n del resorte y de este modo la apertura de paso para generar la recirculaci\u00f3n del sistema.[\/vc_column_text][vc_empty_space]<div id=\"ultimate-heading-603069e953a0aeea4\" class=\"uvc-heading ult-adjust-bottom-margin ultimate-heading-603069e953a0aeea4 uvc-3623 \" data-hspacer=\"line_only\"  data-halign=\"center\" style=\"text-align:center\"><div class=\"uvc-sub-heading ult-responsive\"  data-ultimate-target='.uvc-heading.ultimate-heading-603069e953a0aeea4 .uvc-sub-heading '  data-responsive-json-new='{\"font-size\":\"\",\"line-height\":\"\"}'  style=\"font-weight:normal;\"><\/p>\n<h4><a href=\"http:\/\/www.tecvalonline.com\/documents\/Productos%20Especiales\/Aplicacion%20especial%204%20-%20Valvula%20de%20Contrapresion%20Pilotada.pdf\" target=\"_blank\" rel=\"noopener noreferrer\">V\u00e1lvula de Contrapresi\u00f3n Pilotada<\/a><\/h4>\n<p><\/div><div class=\"uvc-heading-spacer line_only\" style=\"topheight:1px;\"><span class=\"uvc-headings-line\" style=\"border-style:solid;border-bottom-width:1px;border-color:#ccc;width:autopx;\"><\/span><\/div><\/div>[vc_single_image image=&#8221;3301&#8243; img_size=&#8221;full&#8221; alignment=&#8221;center&#8221; style=&#8221;vc_box_shadow_border&#8221; onclick=&#8221;zoom&#8221;][vc_column_text]La V\u00e1lvula de Contrapresi\u00f3n Pilotada sensa la presi\u00f3n aguas arriba a trav\u00e9s de la conexi\u00f3n principal del cuerpo, la V\u00e1lvula y el Piloto permanecen cerrados hasta que la presi\u00f3n excede el set del Piloto, bajo condiciones de flujo el Piloto reacciona con peque\u00f1os cambios en la presi\u00f3n para controlar la posici\u00f3n de la V\u00e1lvula Principal modulando la presi\u00f3n sobre el Pist\u00f3n.[\/vc_column_text][vc_empty_space][\/vc_column][vc_column width=&#8221;1\/3&#8243;][vc_empty_space]<div id=\"ultimate-heading-97469e953a0aeeb5\" class=\"uvc-heading ult-adjust-bottom-margin ultimate-heading-97469e953a0aeeb5 uvc-7776 \" data-hspacer=\"line_only\"  data-halign=\"center\" style=\"text-align:center\"><div class=\"uvc-sub-heading ult-responsive\"  data-ultimate-target='.uvc-heading.ultimate-heading-97469e953a0aeeb5 .uvc-sub-heading '  data-responsive-json-new='{\"font-size\":\"\",\"line-height\":\"\"}'  style=\"font-weight:normal;\"><\/p>\n<h4><a href=\"http:\/\/www.tecvalonline.com\/documents\/Productos%20Especiales\/apliacion%20especial%2011.pdf\" target=\"_blank\" rel=\"noopener noreferrer\">Regulador de Presi\u00f3n 1071<\/a><\/h4>\n<p><\/div><div class=\"uvc-heading-spacer line_only\" style=\"topheight:1px;\"><span class=\"uvc-headings-line\" style=\"border-style:solid;border-bottom-width:1px;border-color:#ccc;width:autopx;\"><\/span><\/div><\/div>[vc_single_image image=&#8221;3299&#8243; img_size=&#8221;full&#8221; alignment=&#8221;center&#8221; style=&#8221;vc_box_shadow_border&#8221; onclick=&#8221;zoom&#8221;][vc_column_text]El Regulador de presi\u00f3n 1071 reduce la presi\u00f3n de entrada a un valor predeterminado aguas abajo, independiente de las variaciones de flujo o de presi\u00f3n a la entrada.\u00a0Cuenta con un sistema autom\u00e1tico de venteo que elimina el exceso de presi\u00f3n cuando se requiera.[\/vc_column_text][vc_empty_space]<div id=\"ultimate-heading-180869e953a0aeec3\" class=\"uvc-heading ult-adjust-bottom-margin ultimate-heading-180869e953a0aeec3 uvc-6841 \" data-hspacer=\"line_only\"  data-halign=\"center\" style=\"text-align:center\"><div class=\"uvc-sub-heading ult-responsive\"  data-ultimate-target='.uvc-heading.ultimate-heading-180869e953a0aeec3 .uvc-sub-heading '  data-responsive-json-new='{\"font-size\":\"\",\"line-height\":\"\"}'  style=\"font-weight:normal;\"><\/p>\n<h4><a href=\"http:\/\/www.tecvalonline.com\/documents\/Productos%20Especiales\/Aplicacion%20Especial%202.pdf\" target=\"_blank\" rel=\"noopener noreferrer\">V\u00e1lvula Reguladora de Presi\u00f3n Pilotada para Gases\u00a0VRGP<\/a><\/h4>\n<p><\/div><div class=\"uvc-heading-spacer line_only\" style=\"topheight:1px;\"><span class=\"uvc-headings-line\" style=\"border-style:solid;border-bottom-width:1px;border-color:#ccc;width:autopx;\"><\/span><\/div><\/div>[vc_single_image image=&#8221;3302&#8243; img_size=&#8221;full&#8221; alignment=&#8221;center&#8221; style=&#8221;vc_box_shadow_border&#8221; onclick=&#8221;zoom&#8221;][vc_column_text]La V\u00e1lvula Reguladora de Presi\u00f3n Pilotada VRGP, reduce la presi\u00f3n de entrada a un valor predeterminado aguas abajo, independiente de las variaciones de flujo o de presi\u00f3n a la entrada en sistemas de gases comprimido donde se requiera alta capacidad y estabilidad en la presi\u00f3n de salida[\/vc_column_text][vc_empty_space][\/vc_column][vc_column width=&#8221;1\/3&#8243;][vc_empty_space]<div id=\"ultimate-heading-762069e953a0aeed1\" class=\"uvc-heading ult-adjust-bottom-margin ultimate-heading-762069e953a0aeed1 uvc-605 \" data-hspacer=\"line_only\"  data-halign=\"center\" style=\"text-align:center\"><div class=\"uvc-sub-heading ult-responsive\"  data-ultimate-target='.uvc-heading.ultimate-heading-762069e953a0aeed1 .uvc-sub-heading '  data-responsive-json-new='{\"font-size\":\"\",\"line-height\":\"\"}'  style=\"font-weight:normal;\"><\/p>\n<h4><a href=\"http:\/\/www.tecvalonline.com\/documents\/Productos%20Especiales\/aplicacion%20especial%207.pdf\" target=\"_blank\" rel=\"noopener noreferrer\">V\u00e1lvula Reguladora VRI 1348<\/a><\/h4>\n<p><\/div><div class=\"uvc-heading-spacer line_only\" style=\"topheight:1px;\"><span class=\"uvc-headings-line\" style=\"border-style:solid;border-bottom-width:1px;border-color:#ccc;width:autopx;\"><\/span><\/div><\/div>[vc_single_image image=&#8221;3300&#8243; img_size=&#8221;full&#8221; alignment=&#8221;center&#8221; style=&#8221;vc_box_shadow_border&#8221; onclick=&#8221;zoom&#8221;][vc_column_text]La V\u00e1lvula Reguladora VRI 1348, reduce la presi\u00f3n de entrada a un valor predeterminado aguas abajo independiente de las variaciones de presi\u00f3n a la entrada. Apta para sistemas de gases y l\u00edquidos con temperatura inferiores a 80\u00b0 C, cuerpo e internos en acero inoxidable AISI 316; lo que permite su aplicaci\u00f3n en ambientes corrosivos.[\/vc_column_text][vc_empty_space][\/vc_column][\/vc_row][vc_row][vc_column][vc_empty_space height=&#8221;52px&#8221;]<div id=\"ult-easy-separator-30980671369e953a0af00f\" class=\"ult-easy-separator-wrapper ult-responsive ult-top-easy-separator  \" style=\"\" data-vc-row=\"wpb_row\"  data-ultimate-target='#ult-easy-separator-30980671369e953a0af00f'  data-responsive-json-new='{\"width\":\"desktop:400px;\"}' ><div class=\"ult-easy-separator-inner-wrapper\"><div class=\"ult-no-animation\" style=\"opacity:0;\"   ><img decoding=\"async\" class=\"ult-easy-separator-img\" alt=\"null\" src=\"https:\/\/tecvalonline.com\/eng\/wp-content\/uploads\/2020\/11\/tecval-separador.png\" \/><\/div><\/div><\/div>[vc_empty_space height=&#8221;52px&#8221;]<div id=\"ult-carousel-258538876969e953a0af0ca\" class=\"ult-carousel-wrapper   ult_horizontal\" data-gutter=\"15\" data-rtl=\"false\" ><div class=\"ult-carousel-91790021269e953a0af06f \" >[vc_single_image image=&#8221;2674&#8243; img_size=&#8221;full&#8221; alignment=&#8221;center&#8221; onclick=&#8221;zoom&#8221;][vc_single_image image=&#8221;2675&#8243; img_size=&#8221;full&#8221; alignment=&#8221;center&#8221; onclick=&#8221;zoom&#8221;][vc_single_image image=&#8221;2676&#8243; img_size=&#8221;full&#8221; alignment=&#8221;center&#8221; onclick=&#8221;zoom&#8221;][vc_single_image image=&#8221;2677&#8243; img_size=&#8221;full&#8221; alignment=&#8221;center&#8221; onclick=&#8221;zoom&#8221;][vc_single_image image=&#8221;2678&#8243; img_size=&#8221;full&#8221; alignment=&#8221;center&#8221; onclick=&#8221;zoom&#8221;][vc_single_image image=&#8221;2679&#8243; img_size=&#8221;full&#8221; alignment=&#8221;center&#8221; onclick=&#8221;zoom&#8221;]<\/div><\/div>\t\t\t<script type=\"text\/javascript\">\n\t\t\t\tjQuery(document).ready(function ($) {\n\t\t\t\t\tif( typeof jQuery('.ult-carousel-91790021269e953a0af06f').slick == \"function\"){\n\t\t\t\t\t\t$('.ult-carousel-91790021269e953a0af06f').slick({dots: false,autoplay: true,autoplaySpeed: \"5000\",speed: \"300\",infinite: true,arrows: true,nextArrow: '<button type=\"button\" role=\"button\" aria-label=\"Next\" style=\"color:#333333; font-size:20px;\" class=\"slick-next default\"><i class=\"ultsl-arrow-right4\"><\/i><\/button>',prevArrow: '<button type=\"button\" role=\"button\" aria-label=\"Previous\" style=\"color:#333333; font-size:20px;\" class=\"slick-prev default\"><i class=\"ultsl-arrow-left4\"><\/i><\/button>',slidesToScroll:6,slidesToShow:6,swipe: true,draggable: true,touchMove: true,pauseOnHover: true,pauseOnFocus: false,responsive: [\n\t\t\t\t\t\t\t{\n\t\t\t\t\t\t\t  breakpoint: 1026,\n\t\t\t\t\t\t\t  settings: {\n\t\t\t\t\t\t\t\tslidesToShow: 6,\n\t\t\t\t\t\t\t\tslidesToScroll: 6,  \n\t\t\t\t\t\t\t  }\n\t\t\t\t\t\t\t},\n\t\t\t\t\t\t\t{\n\t\t\t\t\t\t\t  breakpoint: 1025,\n\t\t\t\t\t\t\t  settings: {\n\t\t\t\t\t\t\t\tslidesToShow: 3,\n\t\t\t\t\t\t\t\tslidesToScroll: 3\n\t\t\t\t\t\t\t  }\n\t\t\t\t\t\t\t},\n\t\t\t\t\t\t\t{\n\t\t\t\t\t\t\t  breakpoint: 760,\n\t\t\t\t\t\t\t  settings: {\n\t\t\t\t\t\t\t\tslidesToShow: 2,\n\t\t\t\t\t\t\t\tslidesToScroll: 2\n\t\t\t\t\t\t\t  }\n\t\t\t\t\t\t\t}\n\t\t\t\t\t\t],pauseOnDotsHover: true,customPaging: function(slider, i) {\n                   return '<i type=\"button\" style= \"color:#333333;\" class=\"ultsl-record\" data-role=\"none\"><\/i>';\n                },});\n\t\t\t\t\t}\n\t\t\t\t});\n\t\t\t<\/script>\n\t\t\t[\/vc_column][\/vc_row]<\/p>\n<\/div>","protected":false},"excerpt":{"rendered":"<p>[vc_row][vc_column width=&#8221;1\/3&#8243;][vc_empty_space][vc_single_image image=&#8221;3232&#8243; img_size=&#8221;full&#8221; alignment=&#8221;center&#8221; style=&#8221;vc_box_shadow_border&#8221; onclick=&#8221;zoom&#8221;][vc_column_text]La V\u00e1lvula de Contrapresi\u00f3n con C\u00e1mara y L\u00ednea Piloto 1506, sensa la presi\u00f3n aguas arriba a trav\u00e9s de la c\u00e1mara. Cuando la presi\u00f3n de la l\u00ednea se incrementa hasta superar el valor set de la v\u00e1lvula, se genera una fuerza en el diafragma que permite la compresi\u00f3n del resorte [&hellip;]<\/p>\n","protected":false},"author":1,"featured_media":0,"parent":0,"menu_order":0,"comment_status":"closed","ping_status":"closed","template":"","meta":{"_joinchat":[],"footnotes":""},"class_list":["post-3227","page","type-page","status-publish","hentry"],"yoast_head":"<!-- This site is optimized with the Yoast SEO plugin v27.2 - https:\/\/yoast.com\/product\/yoast-seo-wordpress\/ -->\n<title>Special applications - Tecval<\/title>\n<meta name=\"robots\" content=\"index, follow, max-snippet:-1, max-image-preview:large, max-video-preview:-1\" \/>\n<link rel=\"canonical\" href=\"https:\/\/tecvalonline.com\/eng\/aplicaciones-especiales\/\" \/>\n<meta property=\"og:locale\" content=\"en_US\" \/>\n<meta property=\"og:type\" content=\"article\" \/>\n<meta property=\"og:title\" content=\"Special applications - Tecval\" \/>\n<meta property=\"og:description\" content=\"[vc_row][vc_column width=&#8221;1\/3&#8243;][vc_empty_space][vc_single_image image=&#8221;3232&#8243; img_size=&#8221;full&#8221; alignment=&#8221;center&#8221; style=&#8221;vc_box_shadow_border&#8221; onclick=&#8221;zoom&#8221;][vc_column_text]La V\u00e1lvula de Contrapresi\u00f3n con C\u00e1mara y L\u00ednea Piloto 1506, sensa la presi\u00f3n aguas arriba a trav\u00e9s de la c\u00e1mara. Cuando la presi\u00f3n de la l\u00ednea se incrementa hasta superar el valor set de la v\u00e1lvula, se genera una fuerza en el diafragma que permite la compresi\u00f3n del resorte [&hellip;]\" \/>\n<meta property=\"og:url\" content=\"https:\/\/tecvalonline.com\/eng\/aplicaciones-especiales\/\" \/>\n<meta property=\"og:site_name\" content=\"Tecval\" \/>\n<meta property=\"article:modified_time\" content=\"2021-04-13T17:25:16+00:00\" \/>\n<meta name=\"twitter:card\" content=\"summary_large_image\" \/>\n<meta name=\"twitter:label1\" content=\"Est. reading time\" \/>\n\t<meta name=\"twitter:data1\" content=\"4 minutes\" \/>\n<script type=\"application\/ld+json\" class=\"yoast-schema-graph\">{\"@context\":\"https:\/\/schema.org\",\"@graph\":[{\"@type\":\"WebPage\",\"@id\":\"https:\/\/tecvalonline.com\/eng\/aplicaciones-especiales\/\",\"url\":\"https:\/\/tecvalonline.com\/eng\/aplicaciones-especiales\/\",\"name\":\"Special applications - Tecval\",\"isPartOf\":{\"@id\":\"https:\/\/tecvalonline.com\/eng\/#website\"},\"datePublished\":\"2020-11-17T02:37:13+00:00\",\"dateModified\":\"2021-04-13T17:25:16+00:00\",\"breadcrumb\":{\"@id\":\"https:\/\/tecvalonline.com\/eng\/aplicaciones-especiales\/#breadcrumb\"},\"inLanguage\":\"en-US\",\"potentialAction\":[{\"@type\":\"ReadAction\",\"target\":[\"https:\/\/tecvalonline.com\/eng\/aplicaciones-especiales\/\"]}]},{\"@type\":\"BreadcrumbList\",\"@id\":\"https:\/\/tecvalonline.com\/eng\/aplicaciones-especiales\/#breadcrumb\",\"itemListElement\":[{\"@type\":\"ListItem\",\"position\":1,\"name\":\"Home\",\"item\":\"https:\/\/tecvalonline.com\/eng\/\"},{\"@type\":\"ListItem\",\"position\":2,\"name\":\"Special applications\"}]},{\"@type\":\"WebSite\",\"@id\":\"https:\/\/tecvalonline.com\/eng\/#website\",\"url\":\"https:\/\/tecvalonline.com\/eng\/\",\"name\":\"Tecval\",\"description\":\"Somos confiabilidad operacional\",\"potentialAction\":[{\"@type\":\"SearchAction\",\"target\":{\"@type\":\"EntryPoint\",\"urlTemplate\":\"https:\/\/tecvalonline.com\/eng\/?s={search_term_string}\"},\"query-input\":{\"@type\":\"PropertyValueSpecification\",\"valueRequired\":true,\"valueName\":\"search_term_string\"}}],\"inLanguage\":\"en-US\"}]}<\/script>\n<!-- \/ Yoast SEO plugin. -->","yoast_head_json":{"title":"Special applications - Tecval","robots":{"index":"index","follow":"follow","max-snippet":"max-snippet:-1","max-image-preview":"max-image-preview:large","max-video-preview":"max-video-preview:-1"},"canonical":"https:\/\/tecvalonline.com\/eng\/aplicaciones-especiales\/","og_locale":"en_US","og_type":"article","og_title":"Special applications - Tecval","og_description":"[vc_row][vc_column width=&#8221;1\/3&#8243;][vc_empty_space][vc_single_image image=&#8221;3232&#8243; img_size=&#8221;full&#8221; alignment=&#8221;center&#8221; style=&#8221;vc_box_shadow_border&#8221; onclick=&#8221;zoom&#8221;][vc_column_text]La V\u00e1lvula de Contrapresi\u00f3n con C\u00e1mara y L\u00ednea Piloto 1506, sensa la presi\u00f3n aguas arriba a trav\u00e9s de la c\u00e1mara. Cuando la presi\u00f3n de la l\u00ednea se incrementa hasta superar el valor set de la v\u00e1lvula, se genera una fuerza en el diafragma que permite la compresi\u00f3n del resorte [&hellip;]","og_url":"https:\/\/tecvalonline.com\/eng\/aplicaciones-especiales\/","og_site_name":"Tecval","article_modified_time":"2021-04-13T17:25:16+00:00","twitter_card":"summary_large_image","twitter_misc":{"Est. reading time":"4 minutes"},"schema":{"@context":"https:\/\/schema.org","@graph":[{"@type":"WebPage","@id":"https:\/\/tecvalonline.com\/eng\/aplicaciones-especiales\/","url":"https:\/\/tecvalonline.com\/eng\/aplicaciones-especiales\/","name":"Special applications - Tecval","isPartOf":{"@id":"https:\/\/tecvalonline.com\/eng\/#website"},"datePublished":"2020-11-17T02:37:13+00:00","dateModified":"2021-04-13T17:25:16+00:00","breadcrumb":{"@id":"https:\/\/tecvalonline.com\/eng\/aplicaciones-especiales\/#breadcrumb"},"inLanguage":"en-US","potentialAction":[{"@type":"ReadAction","target":["https:\/\/tecvalonline.com\/eng\/aplicaciones-especiales\/"]}]},{"@type":"BreadcrumbList","@id":"https:\/\/tecvalonline.com\/eng\/aplicaciones-especiales\/#breadcrumb","itemListElement":[{"@type":"ListItem","position":1,"name":"Home","item":"https:\/\/tecvalonline.com\/eng\/"},{"@type":"ListItem","position":2,"name":"Special applications"}]},{"@type":"WebSite","@id":"https:\/\/tecvalonline.com\/eng\/#website","url":"https:\/\/tecvalonline.com\/eng\/","name":"Tecval","description":"Somos confiabilidad operacional","potentialAction":[{"@type":"SearchAction","target":{"@type":"EntryPoint","urlTemplate":"https:\/\/tecvalonline.com\/eng\/?s={search_term_string}"},"query-input":{"@type":"PropertyValueSpecification","valueRequired":true,"valueName":"search_term_string"}}],"inLanguage":"en-US"}]}},"_links":{"self":[{"href":"https:\/\/tecvalonline.com\/eng\/wp-json\/wp\/v2\/pages\/3227","targetHints":{"allow":["GET"]}}],"collection":[{"href":"https:\/\/tecvalonline.com\/eng\/wp-json\/wp\/v2\/pages"}],"about":[{"href":"https:\/\/tecvalonline.com\/eng\/wp-json\/wp\/v2\/types\/page"}],"author":[{"embeddable":true,"href":"https:\/\/tecvalonline.com\/eng\/wp-json\/wp\/v2\/users\/1"}],"replies":[{"embeddable":true,"href":"https:\/\/tecvalonline.com\/eng\/wp-json\/wp\/v2\/comments?post=3227"}],"version-history":[{"count":5,"href":"https:\/\/tecvalonline.com\/eng\/wp-json\/wp\/v2\/pages\/3227\/revisions"}],"predecessor-version":[{"id":3956,"href":"https:\/\/tecvalonline.com\/eng\/wp-json\/wp\/v2\/pages\/3227\/revisions\/3956"}],"wp:attachment":[{"href":"https:\/\/tecvalonline.com\/eng\/wp-json\/wp\/v2\/media?parent=3227"}],"curies":[{"name":"wp","href":"https:\/\/api.w.org\/{rel}","templated":true}]}}