{"id":3238,"date":"2020-11-16T21:53:25","date_gmt":"2020-11-17T02:53:25","guid":{"rendered":"https:\/\/tecvalcloud.com\/?page_id=3238"},"modified":"2021-04-13T12:36:04","modified_gmt":"2021-04-13T17:36:04","slug":"aplicaciones-especiales-seguridad","status":"publish","type":"page","link":"https:\/\/tecvalonline.com\/eng\/aplicaciones-especiales-seguridad\/","title":{"rendered":"Special applications"},"content":{"rendered":"<div class=\"wpb-content-wrapper\"><p>[vc_row][vc_column width=&#8221;1\/3&#8243;][vc_empty_space]<div id=\"ultimate-heading-649169e9539fd7f56\" class=\"uvc-heading ult-adjust-bottom-margin ultimate-heading-649169e9539fd7f56 uvc-8943 \" data-hspacer=\"line_only\"  data-halign=\"center\" style=\"text-align:center\"><div class=\"uvc-sub-heading ult-responsive\"  data-ultimate-target='.uvc-heading.ultimate-heading-649169e9539fd7f56 .uvc-sub-heading '  data-responsive-json-new='{\"font-size\":\"\",\"line-height\":\"\"}'  style=\"font-weight:normal;\"><\/p>\n<h4><a href=\"http:\/\/www.tecvalonline.com\/documents\/Productos%20Especiales\/Aplicacion%20especial%2014,%20tapa%20de%20emergencia.pdf\" target=\"_blank\" rel=\"noopener noreferrer\">Tapa de Emergencia<\/a><\/h4>\n<p><\/div><div class=\"uvc-heading-spacer line_only\" style=\"topheight:1px;\"><span class=\"uvc-headings-line\" style=\"border-style:solid;border-bottom-width:1px;border-color:#ccc;width:autopx;\"><\/span><\/div><\/div>[vc_single_image image=&#8221;3241&#8243; img_size=&#8221;full&#8221; alignment=&#8221;center&#8221; style=&#8221;vc_box_shadow_border&#8221; onclick=&#8221;zoom&#8221;][vc_column_text]Dise\u00f1adas para proveer venteo de emergencia en caso de fuego; en el evento que se genere una sobre presi\u00f3n en el interior del recipiente, adecuada para varios medios y aplicaciones.[\/vc_column_text][vc_empty_space]<div id=\"ultimate-heading-617269e9539fd7f78\" class=\"uvc-heading ult-adjust-bottom-margin ultimate-heading-617269e9539fd7f78 uvc-4712 \" data-hspacer=\"line_only\"  data-halign=\"center\" style=\"text-align:center\"><div class=\"uvc-sub-heading ult-responsive\"  data-ultimate-target='.uvc-heading.ultimate-heading-617269e9539fd7f78 .uvc-sub-heading '  data-responsive-json-new='{\"font-size\":\"\",\"line-height\":\"\"}'  style=\"font-weight:normal;\"><\/p>\n<h4><a href=\"http:\/\/www.tecvalonline.com\/documents\/Productos%20Especiales\/Aplicacion%20especial%2010.pdf\" target=\"_blank\" rel=\"noopener noreferrer\">V\u00e1lvula de Presi\u00f3n Vac\u00edo Angular 1388<\/a><\/h4>\n<p><\/div><div class=\"uvc-heading-spacer line_only\" style=\"topheight:1px;\"><span class=\"uvc-headings-line\" style=\"border-style:solid;border-bottom-width:1px;border-color:#ccc;width:autopx;\"><\/span><\/div><\/div>[vc_single_image image=&#8221;3282&#8243; img_size=&#8221;full&#8221; alignment=&#8221;center&#8221; style=&#8221;vc_box_shadow_border&#8221; onclick=&#8221;zoom&#8221;][vc_column_text]La V\u00e1lvula de Presi\u00f3n Vaci\u00f3 Angular 1388, previene el exceso de presi\u00f3n o vaci\u00f3 en tranques de almacenamiento causado por el efecto termino o el llenado y vaciado del recipiente, actuada por resortes lo que permite f\u00e1cil acceso.[\/vc_column_text][vc_empty_space]<div id=\"ultimate-heading-695569e9539fd7f88\" class=\"uvc-heading ult-adjust-bottom-margin ultimate-heading-695569e9539fd7f88 uvc-3785 \" data-hspacer=\"line_only\"  data-halign=\"center\" style=\"text-align:center\"><div class=\"uvc-sub-heading ult-responsive\"  data-ultimate-target='.uvc-heading.ultimate-heading-695569e9539fd7f88 .uvc-sub-heading '  data-responsive-json-new='{\"font-size\":\"\",\"line-height\":\"\"}'  style=\"font-weight:normal;\"><\/p>\n<h4><a href=\"http:\/\/www.tecvalonline.com\/documents\/Productos%20Especiales\/aplicacion%20especial%206.pdf\" target=\"_blank\" rel=\"noopener noreferrer\">V\u00e1lvula Rompe Vac\u00edo 1343<\/a><\/h4>\n<p><\/div><div class=\"uvc-heading-spacer line_only\" style=\"topheight:1px;\"><span class=\"uvc-headings-line\" style=\"border-style:solid;border-bottom-width:1px;border-color:#ccc;width:autopx;\"><\/span><\/div><\/div>[vc_single_image image=&#8221;3293&#8243; img_size=&#8221;full&#8221; alignment=&#8221;center&#8221; style=&#8221;vc_box_shadow_border&#8221; onclick=&#8221;zoom&#8221;][vc_column_text]La V\u00e1lvula Rompe Vac\u00edo 1343, previene el exceso de presi\u00f3n de vac\u00edo en tanques de almacenamiento causado por el efecto t\u00e9rmico o el vaciado del recipiente, es actuada por resortes permitiendo una f\u00e1cil calibraci\u00f3n y set de presiones altas.[\/vc_column_text][vc_empty_space][\/vc_column][vc_column width=&#8221;1\/3&#8243;][vc_empty_space]<div id=\"ultimate-heading-12269e9539fd7f95\" class=\"uvc-heading ult-adjust-bottom-margin ultimate-heading-12269e9539fd7f95 uvc-3840 \" data-hspacer=\"line_only\"  data-halign=\"center\" style=\"text-align:center\"><div class=\"uvc-sub-heading ult-responsive\"  data-ultimate-target='.uvc-heading.ultimate-heading-12269e9539fd7f95 .uvc-sub-heading '  data-responsive-json-new='{\"font-size\":\"\",\"line-height\":\"\"}'  style=\"font-weight:normal;\"><\/p>\n<h4><a href=\"http:\/\/www.tecvalonline.com\/documents\/Productos%20Especiales\/Aplicacion%20especial%2013%20-%20valvula%20rompe%20vacio%20en%20linea.pdf\" target=\"_blank\" rel=\"noopener noreferrer\">V\u00e1lvula Rompe Vac\u00edo en L\u00ednea 604<\/a><a href=\"http:\/\/www.tecvalonline.com\/documents\/Productos%20Especiales\/Aplicacion%20especial%2013%20-%20valvula%20rompe%20vacio%20en%20linea.pdf\" target=\"_blank\" rel=\"noopener noreferrer\">\u00a0<\/a><\/h4>\n<p><\/div><div class=\"uvc-heading-spacer line_only\" style=\"topheight:1px;\"><span class=\"uvc-headings-line\" style=\"border-style:solid;border-bottom-width:1px;border-color:#ccc;width:autopx;\"><\/span><\/div><\/div>[vc_single_image image=&#8221;3280&#8243; img_size=&#8221;full&#8221; alignment=&#8221;center&#8221; style=&#8221;vc_box_shadow_border&#8221; onclick=&#8221;zoom&#8221;][vc_column_text]La V\u00e1lvula\u00a0Rompe Vac\u00edo en L\u00ednea 604, previene el exceso de presi\u00f3n de vac\u00edo en tanques de almacenamiento causado por el efecto t\u00e9rmico o el vaciado del recipiente, es actuada por resortes permitiendo una f\u00e1cil calibraci\u00f3n y set de presiones altas.[\/vc_column_text][vc_empty_space]<div id=\"ultimate-heading-251769e9539fd7fb0\" class=\"uvc-heading ult-adjust-bottom-margin ultimate-heading-251769e9539fd7fb0 uvc-4922 \" data-hspacer=\"line_only\"  data-halign=\"center\" style=\"text-align:center\"><div class=\"uvc-sub-heading ult-responsive\"  data-ultimate-target='.uvc-heading.ultimate-heading-251769e9539fd7fb0 .uvc-sub-heading '  data-responsive-json-new='{\"font-size\":\"\",\"line-height\":\"\"}'  style=\"font-weight:normal;\"><\/p>\n<h4><a href=\"http:\/\/www.tecvalonline.com\/documents\/Productos%20Especiales\/AplicaciOn%20especial%209.pdf\" target=\"_blank\" rel=\"noopener noreferrer\">V\u00e1lvula de Presi\u00f3n Vac\u00edo en L\u00ednea 1341<\/a><a href=\"http:\/\/www.tecvalonline.com\/documents\/Productos%20Especiales\/AplicaciOn%20especial%209.pdf\" target=\"_blank\" rel=\"noopener noreferrer\">\u00a0<\/a><\/h4>\n<p><\/div><div class=\"uvc-heading-spacer line_only\" style=\"topheight:1px;\"><span class=\"uvc-headings-line\" style=\"border-style:solid;border-bottom-width:1px;border-color:#ccc;width:autopx;\"><\/span><\/div><\/div>[vc_single_image image=&#8221;3283&#8243; img_size=&#8221;full&#8221; alignment=&#8221;center&#8221; style=&#8221;vc_box_shadow_border&#8221; onclick=&#8221;zoom&#8221;][vc_column_text]La V\u00e1lvula de Presi\u00f3n Vac\u00edo en L\u00ednea 1341, previene el exceso de presi\u00f3n o vac\u00edo en tanques de almacenamiento causado por el efecto o el llenado y vaciado del recipiente, actuada por resortes lo que permite f\u00e1cil calibraci\u00f3n.[\/vc_column_text][vc_empty_space]<div id=\"ultimate-heading-859069e9539fd7fbc\" class=\"uvc-heading ult-adjust-bottom-margin ultimate-heading-859069e9539fd7fbc uvc-9806 \" data-hspacer=\"line_only\"  data-halign=\"center\" style=\"text-align:center\"><div class=\"uvc-sub-heading ult-responsive\"  data-ultimate-target='.uvc-heading.ultimate-heading-859069e9539fd7fbc .uvc-sub-heading '  data-responsive-json-new='{\"font-size\":\"\",\"line-height\":\"\"}'  style=\"font-weight:normal;\"><\/p>\n<h4><a href=\"http:\/\/www.tecvalonline.com\/documents\/Productos%20Especiales\/aplicacion%20especial%201.pdf\" target=\"_blank\" rel=\"noopener noreferrer\">V\u00e1lvula de Venteo 1291<\/a><\/h4>\n<p><\/div><div class=\"uvc-heading-spacer line_only\" style=\"topheight:1px;\"><span class=\"uvc-headings-line\" style=\"border-style:solid;border-bottom-width:1px;border-color:#ccc;width:autopx;\"><\/span><\/div><\/div>[vc_single_image image=&#8221;3295&#8243; img_size=&#8221;full&#8221; alignment=&#8221;center&#8221; style=&#8221;vc_box_shadow_border&#8221; onclick=&#8221;zoom&#8221;][vc_column_text]La V\u00e1lvula de Venteo previene el exceso de presi\u00f3n en tanques de almacenamiento o sistemas de tratamiento de aguas causado por el efecto t\u00e9rmico o el llenado del recipiente respectivamente. Es actuada por pesos lo que permite una apertura instant\u00e1nea una vez se alcance la presi\u00f3n se set.[\/vc_column_text][vc_empty_space][\/vc_column][vc_column width=&#8221;1\/3&#8243;][vc_empty_space]<div id=\"ultimate-heading-271969e9539fd7fc8\" class=\"uvc-heading ult-adjust-bottom-margin ultimate-heading-271969e9539fd7fc8 uvc-2609 \" data-hspacer=\"line_only\"  data-halign=\"center\" style=\"text-align:center\"><div class=\"uvc-sub-heading ult-responsive\"  data-ultimate-target='.uvc-heading.ultimate-heading-271969e9539fd7fc8 .uvc-sub-heading '  data-responsive-json-new='{\"font-size\":\"\",\"line-height\":\"\"}'  style=\"font-weight:normal;\"><\/p>\n<h4><a href=\"http:\/\/www.tecvalonline.com\/documents\/Productos%20Especiales\/Producto%20especial%2012%20.pdf\" target=\"_blank\" rel=\"noopener noreferrer\">V\u00e1lvula de Seguridad Multi-Puerto<\/a><\/h4>\n<p><\/div><div class=\"uvc-heading-spacer line_only\" style=\"topheight:1px;\"><span class=\"uvc-headings-line\" style=\"border-style:solid;border-bottom-width:1px;border-color:#ccc;width:autopx;\"><\/span><\/div><\/div>[vc_single_image image=&#8221;3281&#8243; img_size=&#8221;full&#8221; alignment=&#8221;center&#8221; style=&#8221;vc_box_shadow_border&#8221; onclick=&#8221;zoom&#8221;][vc_column_text]La V\u00e1lvula de Seguridad Multi-Puerto esta dise\u00f1ada como dispositivo de Seguridad-Alivio para sistemas de gases y vapor donde se requieren grandes capacidades, de acci\u00f3n (pop) y con anillo de regulaci\u00f3n blow-down.[\/vc_column_text][vc_empty_space]<div id=\"ultimate-heading-608269e9539fd7fd4\" class=\"uvc-heading ult-adjust-bottom-margin ultimate-heading-608269e9539fd7fd4 uvc-846 \" data-hspacer=\"line_only\"  data-halign=\"center\" style=\"text-align:center\"><div class=\"uvc-sub-heading ult-responsive\"  data-ultimate-target='.uvc-heading.ultimate-heading-608269e9539fd7fd4 .uvc-sub-heading '  data-responsive-json-new='{\"font-size\":\"\",\"line-height\":\"\"}'  style=\"font-weight:normal;\"><\/p>\n<h4><a href=\"http:\/\/www.tecvalonline.com\/documents\/Productos%20Especiales\/Aplicacion%20especial%208.pdf\" target=\"_blank\" rel=\"noopener noreferrer\">V\u00e1lvula de Alivio de Baja Presi\u00f3n 1255<\/a><\/h4>\n<p><\/div><div class=\"uvc-heading-spacer line_only\" style=\"topheight:1px;\"><span class=\"uvc-headings-line\" style=\"border-style:solid;border-bottom-width:1px;border-color:#ccc;width:autopx;\"><\/span><\/div><\/div>[vc_single_image image=&#8221;3288&#8243; img_size=&#8221;full&#8221; alignment=&#8221;center&#8221; style=&#8221;vc_box_shadow_border&#8221; onclick=&#8221;zoom&#8221;][vc_column_text]La V\u00e1lvula de Alivio de baja presi\u00f3n 1255, previene el exceso de presi\u00f3n en tanques de almacenamiento causado por el efecto t\u00e9rmico o el llenado del recipiente respectivamente. Es actuada por pesos lo que permite una apertura instant\u00e1nea una vez se alcance la presi\u00f3n de set.[\/vc_column_text][vc_empty_space][\/vc_column][\/vc_row][vc_row][vc_column][vc_empty_space height=&#8221;52px&#8221;]<div id=\"ult-easy-separator-113393040869e9539fd80de\" class=\"ult-easy-separator-wrapper ult-responsive ult-top-easy-separator  \" style=\"\" data-vc-row=\"wpb_row\"  data-ultimate-target='#ult-easy-separator-113393040869e9539fd80de'  data-responsive-json-new='{\"width\":\"desktop:400px;\"}' ><div class=\"ult-easy-separator-inner-wrapper\"><div class=\"ult-no-animation\" style=\"opacity:0;\"   ><img decoding=\"async\" class=\"ult-easy-separator-img\" alt=\"null\" src=\"https:\/\/tecvalonline.com\/eng\/wp-content\/uploads\/2020\/11\/tecval-separador.png\" \/><\/div><\/div><\/div>[vc_empty_space height=&#8221;52px&#8221;]<div id=\"ult-carousel-29898252069e9539fd8164\" class=\"ult-carousel-wrapper   ult_horizontal\" data-gutter=\"15\" data-rtl=\"false\" ><div class=\"ult-carousel-178136182469e9539fd8128 \" >[vc_single_image image=&#8221;2674&#8243; img_size=&#8221;full&#8221; alignment=&#8221;center&#8221; onclick=&#8221;zoom&#8221;][vc_single_image image=&#8221;2675&#8243; img_size=&#8221;full&#8221; alignment=&#8221;center&#8221; onclick=&#8221;zoom&#8221;][vc_single_image image=&#8221;2676&#8243; img_size=&#8221;full&#8221; alignment=&#8221;center&#8221; onclick=&#8221;zoom&#8221;][vc_single_image image=&#8221;2677&#8243; img_size=&#8221;full&#8221; alignment=&#8221;center&#8221; onclick=&#8221;zoom&#8221;][vc_single_image image=&#8221;2678&#8243; img_size=&#8221;full&#8221; alignment=&#8221;center&#8221; onclick=&#8221;zoom&#8221;][vc_single_image image=&#8221;2679&#8243; img_size=&#8221;full&#8221; alignment=&#8221;center&#8221; onclick=&#8221;zoom&#8221;]<\/div><\/div>\t\t\t<script type=\"text\/javascript\">\n\t\t\t\tjQuery(document).ready(function ($) {\n\t\t\t\t\tif( typeof jQuery('.ult-carousel-178136182469e9539fd8128').slick == \"function\"){\n\t\t\t\t\t\t$('.ult-carousel-178136182469e9539fd8128').slick({dots: false,autoplay: true,autoplaySpeed: \"5000\",speed: \"300\",infinite: true,arrows: true,nextArrow: '<button type=\"button\" role=\"button\" aria-label=\"Next\" style=\"color:#333333; font-size:20px;\" class=\"slick-next default\"><i class=\"ultsl-arrow-right4\"><\/i><\/button>',prevArrow: '<button type=\"button\" role=\"button\" aria-label=\"Previous\" style=\"color:#333333; font-size:20px;\" class=\"slick-prev default\"><i class=\"ultsl-arrow-left4\"><\/i><\/button>',slidesToScroll:6,slidesToShow:6,swipe: true,draggable: true,touchMove: true,pauseOnHover: true,pauseOnFocus: false,responsive: [\n\t\t\t\t\t\t\t{\n\t\t\t\t\t\t\t  breakpoint: 1026,\n\t\t\t\t\t\t\t  settings: {\n\t\t\t\t\t\t\t\tslidesToShow: 6,\n\t\t\t\t\t\t\t\tslidesToScroll: 6,  \n\t\t\t\t\t\t\t  }\n\t\t\t\t\t\t\t},\n\t\t\t\t\t\t\t{\n\t\t\t\t\t\t\t  breakpoint: 1025,\n\t\t\t\t\t\t\t  settings: {\n\t\t\t\t\t\t\t\tslidesToShow: 3,\n\t\t\t\t\t\t\t\tslidesToScroll: 3\n\t\t\t\t\t\t\t  }\n\t\t\t\t\t\t\t},\n\t\t\t\t\t\t\t{\n\t\t\t\t\t\t\t  breakpoint: 760,\n\t\t\t\t\t\t\t  settings: {\n\t\t\t\t\t\t\t\tslidesToShow: 2,\n\t\t\t\t\t\t\t\tslidesToScroll: 2\n\t\t\t\t\t\t\t  }\n\t\t\t\t\t\t\t}\n\t\t\t\t\t\t],pauseOnDotsHover: true,customPaging: function(slider, i) {\n                   return '<i type=\"button\" style= \"color:#333333;\" class=\"ultsl-record\" data-role=\"none\"><\/i>';\n                },});\n\t\t\t\t\t}\n\t\t\t\t});\n\t\t\t<\/script>\n\t\t\t[\/vc_column][\/vc_row]<\/p>\n<\/div>","protected":false},"excerpt":{"rendered":"<p>[vc_row][vc_column width=&#8221;1\/3&#8243;][vc_empty_space][vc_single_image image=&#8221;3241&#8243; img_size=&#8221;full&#8221; alignment=&#8221;center&#8221; style=&#8221;vc_box_shadow_border&#8221; onclick=&#8221;zoom&#8221;][vc_column_text]Dise\u00f1adas para proveer venteo de emergencia en caso de fuego; en el evento que se genere una sobre presi\u00f3n en el interior del recipiente, adecuada para varios medios y aplicaciones.[\/vc_column_text][vc_empty_space][vc_single_image image=&#8221;3282&#8243; img_size=&#8221;full&#8221; alignment=&#8221;center&#8221; style=&#8221;vc_box_shadow_border&#8221; onclick=&#8221;zoom&#8221;][vc_column_text]La V\u00e1lvula de Presi\u00f3n Vaci\u00f3 Angular 1388, previene el exceso de presi\u00f3n o vaci\u00f3 en [&hellip;]<\/p>\n","protected":false},"author":1,"featured_media":0,"parent":0,"menu_order":0,"comment_status":"closed","ping_status":"closed","template":"","meta":{"_joinchat":[],"footnotes":""},"class_list":["post-3238","page","type-page","status-publish","hentry"],"yoast_head":"<!-- This site is optimized with the Yoast SEO plugin v27.2 - https:\/\/yoast.com\/product\/yoast-seo-wordpress\/ -->\n<title>Special applications - Tecval<\/title>\n<meta name=\"robots\" content=\"index, follow, max-snippet:-1, max-image-preview:large, max-video-preview:-1\" \/>\n<link rel=\"canonical\" href=\"https:\/\/tecvalonline.com\/eng\/aplicaciones-especiales-seguridad\/\" \/>\n<meta property=\"og:locale\" content=\"en_US\" \/>\n<meta property=\"og:type\" content=\"article\" \/>\n<meta property=\"og:title\" content=\"Special applications - Tecval\" \/>\n<meta property=\"og:description\" content=\"[vc_row][vc_column width=&#8221;1\/3&#8243;][vc_empty_space][vc_single_image image=&#8221;3241&#8243; img_size=&#8221;full&#8221; alignment=&#8221;center&#8221; style=&#8221;vc_box_shadow_border&#8221; onclick=&#8221;zoom&#8221;][vc_column_text]Dise\u00f1adas para proveer venteo de emergencia en caso de fuego; en el evento que se genere una sobre presi\u00f3n en el interior del recipiente, adecuada para varios medios y aplicaciones.[\/vc_column_text][vc_empty_space][vc_single_image image=&#8221;3282&#8243; img_size=&#8221;full&#8221; alignment=&#8221;center&#8221; style=&#8221;vc_box_shadow_border&#8221; onclick=&#8221;zoom&#8221;][vc_column_text]La V\u00e1lvula de Presi\u00f3n Vaci\u00f3 Angular 1388, previene el exceso de presi\u00f3n o vaci\u00f3 en [&hellip;]\" \/>\n<meta property=\"og:url\" content=\"https:\/\/tecvalonline.com\/eng\/aplicaciones-especiales-seguridad\/\" \/>\n<meta property=\"og:site_name\" content=\"Tecval\" \/>\n<meta property=\"article:modified_time\" content=\"2021-04-13T17:36:04+00:00\" \/>\n<meta name=\"twitter:card\" content=\"summary_large_image\" \/>\n<meta name=\"twitter:label1\" content=\"Est. reading time\" \/>\n\t<meta name=\"twitter:data1\" content=\"4 minutes\" \/>\n<script type=\"application\/ld+json\" class=\"yoast-schema-graph\">{\"@context\":\"https:\/\/schema.org\",\"@graph\":[{\"@type\":\"WebPage\",\"@id\":\"https:\/\/tecvalonline.com\/eng\/aplicaciones-especiales-seguridad\/\",\"url\":\"https:\/\/tecvalonline.com\/eng\/aplicaciones-especiales-seguridad\/\",\"name\":\"Special applications - Tecval\",\"isPartOf\":{\"@id\":\"https:\/\/tecvalonline.com\/eng\/#website\"},\"datePublished\":\"2020-11-17T02:53:25+00:00\",\"dateModified\":\"2021-04-13T17:36:04+00:00\",\"breadcrumb\":{\"@id\":\"https:\/\/tecvalonline.com\/eng\/aplicaciones-especiales-seguridad\/#breadcrumb\"},\"inLanguage\":\"en-US\",\"potentialAction\":[{\"@type\":\"ReadAction\",\"target\":[\"https:\/\/tecvalonline.com\/eng\/aplicaciones-especiales-seguridad\/\"]}]},{\"@type\":\"BreadcrumbList\",\"@id\":\"https:\/\/tecvalonline.com\/eng\/aplicaciones-especiales-seguridad\/#breadcrumb\",\"itemListElement\":[{\"@type\":\"ListItem\",\"position\":1,\"name\":\"Home\",\"item\":\"https:\/\/tecvalonline.com\/eng\/\"},{\"@type\":\"ListItem\",\"position\":2,\"name\":\"Special applications\"}]},{\"@type\":\"WebSite\",\"@id\":\"https:\/\/tecvalonline.com\/eng\/#website\",\"url\":\"https:\/\/tecvalonline.com\/eng\/\",\"name\":\"Tecval\",\"description\":\"Somos confiabilidad operacional\",\"potentialAction\":[{\"@type\":\"SearchAction\",\"target\":{\"@type\":\"EntryPoint\",\"urlTemplate\":\"https:\/\/tecvalonline.com\/eng\/?s={search_term_string}\"},\"query-input\":{\"@type\":\"PropertyValueSpecification\",\"valueRequired\":true,\"valueName\":\"search_term_string\"}}],\"inLanguage\":\"en-US\"}]}<\/script>\n<!-- \/ Yoast SEO plugin. -->","yoast_head_json":{"title":"Special applications - Tecval","robots":{"index":"index","follow":"follow","max-snippet":"max-snippet:-1","max-image-preview":"max-image-preview:large","max-video-preview":"max-video-preview:-1"},"canonical":"https:\/\/tecvalonline.com\/eng\/aplicaciones-especiales-seguridad\/","og_locale":"en_US","og_type":"article","og_title":"Special applications - Tecval","og_description":"[vc_row][vc_column width=&#8221;1\/3&#8243;][vc_empty_space][vc_single_image image=&#8221;3241&#8243; img_size=&#8221;full&#8221; alignment=&#8221;center&#8221; style=&#8221;vc_box_shadow_border&#8221; onclick=&#8221;zoom&#8221;][vc_column_text]Dise\u00f1adas para proveer venteo de emergencia en caso de fuego; en el evento que se genere una sobre presi\u00f3n en el interior del recipiente, adecuada para varios medios y aplicaciones.[\/vc_column_text][vc_empty_space][vc_single_image image=&#8221;3282&#8243; img_size=&#8221;full&#8221; alignment=&#8221;center&#8221; style=&#8221;vc_box_shadow_border&#8221; onclick=&#8221;zoom&#8221;][vc_column_text]La V\u00e1lvula de Presi\u00f3n Vaci\u00f3 Angular 1388, previene el exceso de presi\u00f3n o vaci\u00f3 en [&hellip;]","og_url":"https:\/\/tecvalonline.com\/eng\/aplicaciones-especiales-seguridad\/","og_site_name":"Tecval","article_modified_time":"2021-04-13T17:36:04+00:00","twitter_card":"summary_large_image","twitter_misc":{"Est. reading time":"4 minutes"},"schema":{"@context":"https:\/\/schema.org","@graph":[{"@type":"WebPage","@id":"https:\/\/tecvalonline.com\/eng\/aplicaciones-especiales-seguridad\/","url":"https:\/\/tecvalonline.com\/eng\/aplicaciones-especiales-seguridad\/","name":"Special applications - Tecval","isPartOf":{"@id":"https:\/\/tecvalonline.com\/eng\/#website"},"datePublished":"2020-11-17T02:53:25+00:00","dateModified":"2021-04-13T17:36:04+00:00","breadcrumb":{"@id":"https:\/\/tecvalonline.com\/eng\/aplicaciones-especiales-seguridad\/#breadcrumb"},"inLanguage":"en-US","potentialAction":[{"@type":"ReadAction","target":["https:\/\/tecvalonline.com\/eng\/aplicaciones-especiales-seguridad\/"]}]},{"@type":"BreadcrumbList","@id":"https:\/\/tecvalonline.com\/eng\/aplicaciones-especiales-seguridad\/#breadcrumb","itemListElement":[{"@type":"ListItem","position":1,"name":"Home","item":"https:\/\/tecvalonline.com\/eng\/"},{"@type":"ListItem","position":2,"name":"Special applications"}]},{"@type":"WebSite","@id":"https:\/\/tecvalonline.com\/eng\/#website","url":"https:\/\/tecvalonline.com\/eng\/","name":"Tecval","description":"Somos confiabilidad operacional","potentialAction":[{"@type":"SearchAction","target":{"@type":"EntryPoint","urlTemplate":"https:\/\/tecvalonline.com\/eng\/?s={search_term_string}"},"query-input":{"@type":"PropertyValueSpecification","valueRequired":true,"valueName":"search_term_string"}}],"inLanguage":"en-US"}]}},"_links":{"self":[{"href":"https:\/\/tecvalonline.com\/eng\/wp-json\/wp\/v2\/pages\/3238","targetHints":{"allow":["GET"]}}],"collection":[{"href":"https:\/\/tecvalonline.com\/eng\/wp-json\/wp\/v2\/pages"}],"about":[{"href":"https:\/\/tecvalonline.com\/eng\/wp-json\/wp\/v2\/types\/page"}],"author":[{"embeddable":true,"href":"https:\/\/tecvalonline.com\/eng\/wp-json\/wp\/v2\/users\/1"}],"replies":[{"embeddable":true,"href":"https:\/\/tecvalonline.com\/eng\/wp-json\/wp\/v2\/comments?post=3238"}],"version-history":[{"count":5,"href":"https:\/\/tecvalonline.com\/eng\/wp-json\/wp\/v2\/pages\/3238\/revisions"}],"predecessor-version":[{"id":3957,"href":"https:\/\/tecvalonline.com\/eng\/wp-json\/wp\/v2\/pages\/3238\/revisions\/3957"}],"wp:attachment":[{"href":"https:\/\/tecvalonline.com\/eng\/wp-json\/wp\/v2\/media?parent=3238"}],"curies":[{"name":"wp","href":"https:\/\/api.w.org\/{rel}","templated":true}]}}