{"id":4058,"date":"2021-04-15T10:31:04","date_gmt":"2021-04-15T15:31:04","guid":{"rendered":"https:\/\/tecvalonline.com\/eng\/?page_id=4058"},"modified":"2021-04-15T10:31:04","modified_gmt":"2021-04-15T15:31:04","slug":"special-applications","status":"publish","type":"page","link":"https:\/\/tecvalonline.com\/eng\/special-applications\/","title":{"rendered":"Special applications"},"content":{"rendered":"<div class=\"wpb-content-wrapper\"><p>[vc_row][vc_column width=&#8221;1\/3&#8243;][vc_empty_space]<div id=\"ultimate-heading-386169e953ab10c93\" class=\"uvc-heading ult-adjust-bottom-margin ultimate-heading-386169e953ab10c93 uvc-6788 \" data-hspacer=\"line_only\"  data-halign=\"center\" style=\"text-align:center\"><div class=\"uvc-sub-heading ult-responsive\"  data-ultimate-target='.uvc-heading.ultimate-heading-386169e953ab10c93 .uvc-sub-heading '  data-responsive-json-new='{\"font-size\":\"\",\"line-height\":\"\"}'  style=\"font-weight:normal;\"><\/p>\n<h4><a href=\"https:\/\/tecvalonline.com\/pdf\/productos\/V%c3%a1lvula%20de%20recirculaci%c3%b3n.pdf\" target=\"_blank\" rel=\"noopener noreferrer\">V\u00c1LVULA DE RECIRCULACI\u00d3N AUTOM\u00c1TICA<\/a><\/h4>\n<p><\/div><div class=\"uvc-heading-spacer line_only\" style=\"topheight:1px;\"><span class=\"uvc-headings-line\" style=\"border-style:solid;border-bottom-width:1px;border-color:#ccc;width:autopx;\"><\/span><\/div><\/div>[vc_single_image image=&#8221;4059&#8243; img_size=&#8221;full&#8221; alignment=&#8221;center&#8221; style=&#8221;vc_box_shadow_border&#8221; onclick=&#8221;zoom&#8221;][vc_column_text]La v\u00e1lvula de recirculaci\u00f3n autom\u00e1tica es un dispositivo multi-funcional cuyo prop\u00f3sito principal es asegurar el flujo m\u00ednimo permitido en bombas centr\u00edfugas. A medida que el consumo de fluidos disminuye, la v\u00e1lvula cierra gradualmente la l\u00ednea principal mientras que abre un bypass para lograr la recirculaci\u00f3n.[\/vc_column_text][vc_empty_space][\/vc_column][\/vc_row][vc_row][vc_column][vc_empty_space height=&#8221;52px&#8221;]<div id=\"ult-easy-separator-243347190469e953ab10d93\" class=\"ult-easy-separator-wrapper ult-responsive ult-top-easy-separator  \" style=\"\" data-vc-row=\"wpb_row\"  data-ultimate-target='#ult-easy-separator-243347190469e953ab10d93'  data-responsive-json-new='{\"width\":\"desktop:400px;\"}' ><div class=\"ult-easy-separator-inner-wrapper\"><div class=\"ult-no-animation\" style=\"opacity:0;\"   ><img decoding=\"async\" class=\"ult-easy-separator-img\" alt=\"null\" src=\"https:\/\/tecvalonline.com\/eng\/wp-content\/uploads\/2020\/11\/tecval-separador.png\" \/><\/div><\/div><\/div>[vc_empty_space height=&#8221;52px&#8221;]<div id=\"ult-carousel-315526848669e953ab10e04\" class=\"ult-carousel-wrapper   ult_horizontal\" data-gutter=\"15\" data-rtl=\"false\" ><div class=\"ult-carousel-26291857069e953ab10dce \" >[vc_single_image image=&#8221;2674&#8243; img_size=&#8221;full&#8221; alignment=&#8221;center&#8221; onclick=&#8221;zoom&#8221;][vc_single_image image=&#8221;2675&#8243; img_size=&#8221;full&#8221; alignment=&#8221;center&#8221; onclick=&#8221;zoom&#8221;][vc_single_image image=&#8221;2676&#8243; img_size=&#8221;full&#8221; alignment=&#8221;center&#8221; onclick=&#8221;zoom&#8221;][vc_single_image image=&#8221;2677&#8243; img_size=&#8221;full&#8221; alignment=&#8221;center&#8221; onclick=&#8221;zoom&#8221;][vc_single_image image=&#8221;2678&#8243; img_size=&#8221;full&#8221; alignment=&#8221;center&#8221; onclick=&#8221;zoom&#8221;][vc_single_image image=&#8221;2679&#8243; img_size=&#8221;full&#8221; alignment=&#8221;center&#8221; onclick=&#8221;zoom&#8221;]<\/div><\/div>\t\t\t<script type=\"text\/javascript\">\n\t\t\t\tjQuery(document).ready(function ($) {\n\t\t\t\t\tif( typeof jQuery('.ult-carousel-26291857069e953ab10dce').slick == \"function\"){\n\t\t\t\t\t\t$('.ult-carousel-26291857069e953ab10dce').slick({dots: false,autoplay: true,autoplaySpeed: \"5000\",speed: \"300\",infinite: true,arrows: true,nextArrow: '<button type=\"button\" role=\"button\" aria-label=\"Next\" style=\"color:#333333; font-size:20px;\" class=\"slick-next default\"><i class=\"ultsl-arrow-right4\"><\/i><\/button>',prevArrow: '<button type=\"button\" role=\"button\" aria-label=\"Previous\" style=\"color:#333333; font-size:20px;\" class=\"slick-prev default\"><i class=\"ultsl-arrow-left4\"><\/i><\/button>',slidesToScroll:6,slidesToShow:6,swipe: true,draggable: true,touchMove: true,pauseOnHover: true,pauseOnFocus: false,responsive: [\n\t\t\t\t\t\t\t{\n\t\t\t\t\t\t\t  breakpoint: 1026,\n\t\t\t\t\t\t\t  settings: {\n\t\t\t\t\t\t\t\tslidesToShow: 6,\n\t\t\t\t\t\t\t\tslidesToScroll: 6,  \n\t\t\t\t\t\t\t  }\n\t\t\t\t\t\t\t},\n\t\t\t\t\t\t\t{\n\t\t\t\t\t\t\t  breakpoint: 1025,\n\t\t\t\t\t\t\t  settings: {\n\t\t\t\t\t\t\t\tslidesToShow: 3,\n\t\t\t\t\t\t\t\tslidesToScroll: 3\n\t\t\t\t\t\t\t  }\n\t\t\t\t\t\t\t},\n\t\t\t\t\t\t\t{\n\t\t\t\t\t\t\t  breakpoint: 760,\n\t\t\t\t\t\t\t  settings: {\n\t\t\t\t\t\t\t\tslidesToShow: 2,\n\t\t\t\t\t\t\t\tslidesToScroll: 2\n\t\t\t\t\t\t\t  }\n\t\t\t\t\t\t\t}\n\t\t\t\t\t\t],pauseOnDotsHover: true,customPaging: function(slider, i) {\n                   return '<i type=\"button\" style= \"color:#333333;\" class=\"ultsl-record\" data-role=\"none\"><\/i>';\n                },});\n\t\t\t\t\t}\n\t\t\t\t});\n\t\t\t<\/script>\n\t\t\t[\/vc_column][\/vc_row]<\/p>\n<\/div>","protected":false},"excerpt":{"rendered":"<p>[vc_row][vc_column width=&#8221;1\/3&#8243;][vc_empty_space][vc_single_image image=&#8221;4059&#8243; img_size=&#8221;full&#8221; alignment=&#8221;center&#8221; style=&#8221;vc_box_shadow_border&#8221; onclick=&#8221;zoom&#8221;][vc_column_text]La v\u00e1lvula de recirculaci\u00f3n autom\u00e1tica es un dispositivo multi-funcional cuyo prop\u00f3sito principal es asegurar el flujo m\u00ednimo permitido en bombas centr\u00edfugas. A medida que el consumo de fluidos disminuye, la v\u00e1lvula cierra gradualmente la l\u00ednea principal mientras que abre un bypass para lograr la recirculaci\u00f3n.[\/vc_column_text][vc_empty_space][\/vc_column][\/vc_row][vc_row][vc_column][vc_empty_space height=&#8221;52px&#8221;][vc_empty_space height=&#8221;52px&#8221;][\/vc_column][\/vc_row]<\/p>\n","protected":false},"author":1,"featured_media":0,"parent":0,"menu_order":0,"comment_status":"closed","ping_status":"closed","template":"","meta":{"_joinchat":[],"footnotes":""},"class_list":["post-4058","page","type-page","status-publish","hentry"],"yoast_head":"<!-- This site is optimized with the Yoast SEO plugin v27.2 - https:\/\/yoast.com\/product\/yoast-seo-wordpress\/ -->\n<title>Special applications - Tecval<\/title>\n<meta name=\"robots\" content=\"index, follow, max-snippet:-1, max-image-preview:large, max-video-preview:-1\" \/>\n<link rel=\"canonical\" href=\"https:\/\/tecvalonline.com\/eng\/special-applications\/\" \/>\n<meta property=\"og:locale\" content=\"en_US\" \/>\n<meta property=\"og:type\" content=\"article\" \/>\n<meta property=\"og:title\" content=\"Special applications - Tecval\" \/>\n<meta property=\"og:description\" content=\"[vc_row][vc_column width=&#8221;1\/3&#8243;][vc_empty_space][vc_single_image image=&#8221;4059&#8243; img_size=&#8221;full&#8221; alignment=&#8221;center&#8221; style=&#8221;vc_box_shadow_border&#8221; onclick=&#8221;zoom&#8221;][vc_column_text]La v\u00e1lvula de recirculaci\u00f3n autom\u00e1tica es un dispositivo multi-funcional cuyo prop\u00f3sito principal es asegurar el flujo m\u00ednimo permitido en bombas centr\u00edfugas. A medida que el consumo de fluidos disminuye, la v\u00e1lvula cierra gradualmente la l\u00ednea principal mientras que abre un bypass para lograr la recirculaci\u00f3n.[\/vc_column_text][vc_empty_space][\/vc_column][\/vc_row][vc_row][vc_column][vc_empty_space height=&#8221;52px&#8221;][vc_empty_space height=&#8221;52px&#8221;][\/vc_column][\/vc_row]\" \/>\n<meta property=\"og:url\" content=\"https:\/\/tecvalonline.com\/eng\/special-applications\/\" \/>\n<meta property=\"og:site_name\" content=\"Tecval\" \/>\n<meta name=\"twitter:card\" content=\"summary_large_image\" \/>\n<meta name=\"twitter:label1\" content=\"Est. reading time\" \/>\n\t<meta name=\"twitter:data1\" content=\"1 minute\" \/>\n<script type=\"application\/ld+json\" class=\"yoast-schema-graph\">{\"@context\":\"https:\/\/schema.org\",\"@graph\":[{\"@type\":\"WebPage\",\"@id\":\"https:\/\/tecvalonline.com\/eng\/special-applications\/\",\"url\":\"https:\/\/tecvalonline.com\/eng\/special-applications\/\",\"name\":\"Special applications - Tecval\",\"isPartOf\":{\"@id\":\"https:\/\/tecvalonline.com\/eng\/#website\"},\"datePublished\":\"2021-04-15T15:31:04+00:00\",\"breadcrumb\":{\"@id\":\"https:\/\/tecvalonline.com\/eng\/special-applications\/#breadcrumb\"},\"inLanguage\":\"en-US\",\"potentialAction\":[{\"@type\":\"ReadAction\",\"target\":[\"https:\/\/tecvalonline.com\/eng\/special-applications\/\"]}]},{\"@type\":\"BreadcrumbList\",\"@id\":\"https:\/\/tecvalonline.com\/eng\/special-applications\/#breadcrumb\",\"itemListElement\":[{\"@type\":\"ListItem\",\"position\":1,\"name\":\"Home\",\"item\":\"https:\/\/tecvalonline.com\/eng\/\"},{\"@type\":\"ListItem\",\"position\":2,\"name\":\"Special applications\"}]},{\"@type\":\"WebSite\",\"@id\":\"https:\/\/tecvalonline.com\/eng\/#website\",\"url\":\"https:\/\/tecvalonline.com\/eng\/\",\"name\":\"Tecval\",\"description\":\"Somos confiabilidad operacional\",\"potentialAction\":[{\"@type\":\"SearchAction\",\"target\":{\"@type\":\"EntryPoint\",\"urlTemplate\":\"https:\/\/tecvalonline.com\/eng\/?s={search_term_string}\"},\"query-input\":{\"@type\":\"PropertyValueSpecification\",\"valueRequired\":true,\"valueName\":\"search_term_string\"}}],\"inLanguage\":\"en-US\"}]}<\/script>\n<!-- \/ Yoast SEO plugin. -->","yoast_head_json":{"title":"Special applications - Tecval","robots":{"index":"index","follow":"follow","max-snippet":"max-snippet:-1","max-image-preview":"max-image-preview:large","max-video-preview":"max-video-preview:-1"},"canonical":"https:\/\/tecvalonline.com\/eng\/special-applications\/","og_locale":"en_US","og_type":"article","og_title":"Special applications - Tecval","og_description":"[vc_row][vc_column width=&#8221;1\/3&#8243;][vc_empty_space][vc_single_image image=&#8221;4059&#8243; img_size=&#8221;full&#8221; alignment=&#8221;center&#8221; style=&#8221;vc_box_shadow_border&#8221; onclick=&#8221;zoom&#8221;][vc_column_text]La v\u00e1lvula de recirculaci\u00f3n autom\u00e1tica es un dispositivo multi-funcional cuyo prop\u00f3sito principal es asegurar el flujo m\u00ednimo permitido en bombas centr\u00edfugas. A medida que el consumo de fluidos disminuye, la v\u00e1lvula cierra gradualmente la l\u00ednea principal mientras que abre un bypass para lograr la recirculaci\u00f3n.[\/vc_column_text][vc_empty_space][\/vc_column][\/vc_row][vc_row][vc_column][vc_empty_space height=&#8221;52px&#8221;][vc_empty_space height=&#8221;52px&#8221;][\/vc_column][\/vc_row]","og_url":"https:\/\/tecvalonline.com\/eng\/special-applications\/","og_site_name":"Tecval","twitter_card":"summary_large_image","twitter_misc":{"Est. reading time":"1 minute"},"schema":{"@context":"https:\/\/schema.org","@graph":[{"@type":"WebPage","@id":"https:\/\/tecvalonline.com\/eng\/special-applications\/","url":"https:\/\/tecvalonline.com\/eng\/special-applications\/","name":"Special applications - Tecval","isPartOf":{"@id":"https:\/\/tecvalonline.com\/eng\/#website"},"datePublished":"2021-04-15T15:31:04+00:00","breadcrumb":{"@id":"https:\/\/tecvalonline.com\/eng\/special-applications\/#breadcrumb"},"inLanguage":"en-US","potentialAction":[{"@type":"ReadAction","target":["https:\/\/tecvalonline.com\/eng\/special-applications\/"]}]},{"@type":"BreadcrumbList","@id":"https:\/\/tecvalonline.com\/eng\/special-applications\/#breadcrumb","itemListElement":[{"@type":"ListItem","position":1,"name":"Home","item":"https:\/\/tecvalonline.com\/eng\/"},{"@type":"ListItem","position":2,"name":"Special applications"}]},{"@type":"WebSite","@id":"https:\/\/tecvalonline.com\/eng\/#website","url":"https:\/\/tecvalonline.com\/eng\/","name":"Tecval","description":"Somos confiabilidad operacional","potentialAction":[{"@type":"SearchAction","target":{"@type":"EntryPoint","urlTemplate":"https:\/\/tecvalonline.com\/eng\/?s={search_term_string}"},"query-input":{"@type":"PropertyValueSpecification","valueRequired":true,"valueName":"search_term_string"}}],"inLanguage":"en-US"}]}},"_links":{"self":[{"href":"https:\/\/tecvalonline.com\/eng\/wp-json\/wp\/v2\/pages\/4058","targetHints":{"allow":["GET"]}}],"collection":[{"href":"https:\/\/tecvalonline.com\/eng\/wp-json\/wp\/v2\/pages"}],"about":[{"href":"https:\/\/tecvalonline.com\/eng\/wp-json\/wp\/v2\/types\/page"}],"author":[{"embeddable":true,"href":"https:\/\/tecvalonline.com\/eng\/wp-json\/wp\/v2\/users\/1"}],"replies":[{"embeddable":true,"href":"https:\/\/tecvalonline.com\/eng\/wp-json\/wp\/v2\/comments?post=4058"}],"version-history":[{"count":1,"href":"https:\/\/tecvalonline.com\/eng\/wp-json\/wp\/v2\/pages\/4058\/revisions"}],"predecessor-version":[{"id":4060,"href":"https:\/\/tecvalonline.com\/eng\/wp-json\/wp\/v2\/pages\/4058\/revisions\/4060"}],"wp:attachment":[{"href":"https:\/\/tecvalonline.com\/eng\/wp-json\/wp\/v2\/media?parent=4058"}],"curies":[{"name":"wp","href":"https:\/\/api.w.org\/{rel}","templated":true}]}}